{"id":10,"date":"2019-03-15T20:06:46","date_gmt":"2019-03-15T20:06:46","guid":{"rendered":"http:\/\/stiftung-dignitas.de\/?page_id=10"},"modified":"2022-05-26T17:19:40","modified_gmt":"2022-05-26T17:19:40","slug":"informationen","status":"publish","type":"page","link":"https:\/\/stiftung-dignitas.de\/?page_id=10","title":{"rendered":"Informationen"},"content":{"rendered":"<p>Die Stiftung Dignitas ist gem\u00e4\u00df Bescheid des Finanzamtes Gie\u00dfen vom 12.03.2019 eine gemeinn\u00fctzige Stiftung (Steuernummer 20 250 84736).\u00a0 Sie verfolgt folgende gemeinn\u00fctzige Zwecke:<\/p>\n<p>die F\u00f6rderung der Jugend- und Altenhilfe;<br \/>\n(52 Abs. 2 Satz 1 Nr. 4 AO)<\/p>\n<p>die F\u00f6rderung des Wohlfahrtswesens, insbesondere der Zwecke der amtlich anerkannten Verb\u00e4nde der freien Wohlfahrtspflege, ihrer Unterverb\u00e4nde und ihrer angeschlossenen Einrichtungen und Anstalten;<br \/>\n(52 Abs. 2 Satz 1 Nr. 9 AO)<\/p>\n<p>die F\u00f6rderung der Hilfe f\u00fcr politisch, rassisch oder religi\u00f6s Verfolgte, f\u00fcr Fl\u00fcchtlinge, Kriegsopfer, Kriegsgefangene, Zivilbesch\u00e4digte und Behinderte sowie Hilfe f\u00fcr Opfer von Straftaten; F\u00f6rderung des Andenkens an Verfolgte, Kriegs- und Katastrophenopfer; F\u00f6rderung des Suchdienstes f\u00fcr Vermisste<br \/>\n(52 Abs. 2 Satz 1 Nr. 10 AO)<\/p>\n<p>die F\u00f6rderung internationaler Gesinnung, der Toleranz auf allen Gebieten der Kultur und des V\u00f6lkerverst\u00e4ndigungsgedankens;<br \/>\n(52 Abs. 2 Satz 1 Nr. 13 AO)<\/p>\n<p>die F\u00f6rderung des Denkmalschutzes und der Denkmalpflege;<br \/>\n(52 Abs. 2 Satz 1 Nr. 6 AO)<\/p>\n<p>Alleinvorstand der Stiftung ist Peter Steil.<\/p>\n<p>Man erreicht die Stiftung Dignitas postalisch unter folgender Adresse:<\/p>\n<p>Stiftung Dignitas<br \/>\nc\/o Peter Steil<br \/>\nSteinbacher Stra\u00dfe 8<br \/>\n35463 Fernwald<\/p>\n<p>Die Stiftung wird regelm\u00e4\u00dfig durch das Finanzamt Gie\u00dfen auf ihre Gemeinn\u00fctzigkeit \u00fcberpr\u00fcft und gibt entsprechende Berichte an das Finanzamt ab.<\/p>\n<p>Bankverbindung:<br \/>\nVolksbank Mittelhessen e. G.<br \/>\nIBAN: DE91 5139 0000 0080 9524 06<\/p>\n<p>&nbsp;<\/p>\n","protected":false},"excerpt":{"rendered":"<p>Die Stiftung Dignitas ist gem\u00e4\u00df Bescheid des Finanzamtes Gie\u00dfen vom 12.03.2019 eine gemeinn\u00fctzige Stiftung (Steuernummer 20 250 84736).\u00a0 Sie verfolgt folgende gemeinn\u00fctzige Zwecke: die F\u00f6rderung der Jugend- und Altenhilfe; (52 Abs. 2 Satz 1 Nr. 4 AO) die F\u00f6rderung des Wohlfahrtswesens, insbesondere der Zwecke der amtlich anerkannten Verb\u00e4nde der freien Wohlfahrtspflege, ihrer Unterverb\u00e4nde und ihrer &hellip; <\/p>\n<p class=\"link-more\"><a href=\"https:\/\/stiftung-dignitas.de\/?page_id=10\" class=\"more-link\"><span class=\"screen-reader-text\">\u201eInformationen\u201c <\/span>weiterlesen<\/a><\/p>\n","protected":false},"author":1,"featured_media":0,"parent":0,"menu_order":0,"comment_status":"closed","ping_status":"closed","template":"","meta":{"footnotes":""},"class_list":["post-10","page","type-page","status-publish","hentry"],"_links":{"self":[{"href":"https:\/\/stiftung-dignitas.de\/index.php?rest_route=\/wp\/v2\/pages\/10","targetHints":{"allow":["GET"]}}],"collection":[{"href":"https:\/\/stiftung-dignitas.de\/index.php?rest_route=\/wp\/v2\/pages"}],"about":[{"href":"https:\/\/stiftung-dignitas.de\/index.php?rest_route=\/wp\/v2\/types\/page"}],"author":[{"embeddable":true,"href":"https:\/\/stiftung-dignitas.de\/index.php?rest_route=\/wp\/v2\/users\/1"}],"replies":[{"embeddable":true,"href":"https:\/\/stiftung-dignitas.de\/index.php?rest_route=%2Fwp%2Fv2%2Fcomments&post=10"}],"version-history":[{"count":14,"href":"https:\/\/stiftung-dignitas.de\/index.php?rest_route=\/wp\/v2\/pages\/10\/revisions"}],"predecessor-version":[{"id":43,"href":"https:\/\/stiftung-dignitas.de\/index.php?rest_route=\/wp\/v2\/pages\/10\/revisions\/43"}],"wp:attachment":[{"href":"https:\/\/stiftung-dignitas.de\/index.php?rest_route=%2Fwp%2Fv2%2Fmedia&parent=10"}],"curies":[{"name":"wp","href":"https:\/\/api.w.org\/{rel}","templated":true}]}}