{"id":126,"date":"2024-02-06T12:36:24","date_gmt":"2024-02-06T12:36:24","guid":{"rendered":"http:\/\/stiftung-dignitas.de\/?page_id=126"},"modified":"2024-02-06T13:04:40","modified_gmt":"2024-02-06T13:04:40","slug":"unsere-projekte","status":"publish","type":"page","link":"https:\/\/stiftung-dignitas.de\/?page_id=126","title":{"rendered":"Projekte"},"content":{"rendered":"<p>Neben der F\u00f6rderung karitativer Organisationen und Einrichtungen hat die Stiftung Dignitas auch eigene Projekte:<\/p>\n<p><strong>\u21d2 Weihnachtsgeschenke f\u00fcr einsame Menschen<\/strong><\/p>\n<p style=\"padding-left: 40px;\">Zu Weihnachten beschenken wir die Bewohnerinnen und Berwohner verschiedener Einrichtungen in Fernwald und im Landkreis, die keine Angeh\u00f6rigen mehr haben und sonst keine Geschenke erhielten. Wir bek\u00e4mpfen damit auch die Einsamkeit von Menschen und schaffen Freude in einer dunklen Jahreszeit.<\/p>\n<p><strong>\u21d2 Gedenkfahrten zu historischen Gedenkorten<\/strong><\/p>\n<p style=\"padding-left: 40px;\">Wir f\u00fchren regelm\u00e4\u00dfig gemeinsam mit anderen Organisationen und Einrichtungen (beispielsweise Schulen) Fahrten zu historischen Gedenkorten durch. Dabei helfen wir finanziell bed\u00fcrftigen Teilnehmerinnen und Teilnehmern mit Zusch\u00fcssen und Kosten\u00fcbernahmen, den jeweiligen Unkostenbeitrag aufzubringen, organisieren die Fahrt, stellen Betreuerinnen \/ Betreuer und bereiten die Fahrten inhaltlich vor und nach.<\/p>\n<p style=\"padding-left: 40px;\">Reiseziele sind vor allem:<\/p>\n<p style=\"padding-left: 40px;\">\u2192 <a href=\"https:\/\/de.wikipedia.org\/wiki\/KZ_Buchenwald\" target=\"_blank\" rel=\"noopener\">Konzentrationslage Buchenwald<\/a><\/p>\n<p style=\"padding-left: 40px;\">\u2192 <a href=\"https:\/\/de.wikipedia.org\/wiki\/Point_Alpha\" target=\"_blank\" rel=\"noopener\">Grenzmuseum Pont Alpha<\/a><\/p>\n<p style=\"padding-left: 40px;\">\u2192 <a href=\"https:\/\/de.wikipedia.org\/wiki\/T%C3%B6tungsanstalt_Hadamar\" target=\"_blank\" rel=\"noopener\">T\u00f6tungsanstalt Hadamar<\/a><\/p>\n<p style=\"padding-left: 40px;\">\u2192 Die Schlachtfelder bei <a href=\"https:\/\/de.wikipedia.org\/wiki\/Schlacht_um_Verdun\" target=\"_blank\" rel=\"noopener\">Verdun<\/a> \/ an der <a href=\"https:\/\/de.wikipedia.org\/wiki\/Somme\" target=\"_blank\" rel=\"noopener\">Somme<\/a><\/p>\n","protected":false},"excerpt":{"rendered":"<p>Neben der F\u00f6rderung karitativer Organisationen und Einrichtungen hat die Stiftung Dignitas auch eigene Projekte: \u21d2 Weihnachtsgeschenke f\u00fcr einsame Menschen Zu Weihnachten beschenken wir die Bewohnerinnen und Berwohner verschiedener Einrichtungen in Fernwald und im Landkreis, die keine Angeh\u00f6rigen mehr haben und sonst keine Geschenke erhielten. Wir bek\u00e4mpfen damit auch die Einsamkeit von Menschen und schaffen Freude &hellip; <\/p>\n<p class=\"link-more\"><a href=\"https:\/\/stiftung-dignitas.de\/?page_id=126\" class=\"more-link\"><span class=\"screen-reader-text\">\u201eProjekte\u201c <\/span>weiterlesen<\/a><\/p>\n","protected":false},"author":1,"featured_media":0,"parent":0,"menu_order":0,"comment_status":"closed","ping_status":"closed","template":"","meta":{"footnotes":""},"class_list":["post-126","page","type-page","status-publish","hentry"],"_links":{"self":[{"href":"https:\/\/stiftung-dignitas.de\/index.php?rest_route=\/wp\/v2\/pages\/126","targetHints":{"allow":["GET"]}}],"collection":[{"href":"https:\/\/stiftung-dignitas.de\/index.php?rest_route=\/wp\/v2\/pages"}],"about":[{"href":"https:\/\/stiftung-dignitas.de\/index.php?rest_route=\/wp\/v2\/types\/page"}],"author":[{"embeddable":true,"href":"https:\/\/stiftung-dignitas.de\/index.php?rest_route=\/wp\/v2\/users\/1"}],"replies":[{"embeddable":true,"href":"https:\/\/stiftung-dignitas.de\/index.php?rest_route=%2Fwp%2Fv2%2Fcomments&post=126"}],"version-history":[{"count":9,"href":"https:\/\/stiftung-dignitas.de\/index.php?rest_route=\/wp\/v2\/pages\/126\/revisions"}],"predecessor-version":[{"id":136,"href":"https:\/\/stiftung-dignitas.de\/index.php?rest_route=\/wp\/v2\/pages\/126\/revisions\/136"}],"wp:attachment":[{"href":"https:\/\/stiftung-dignitas.de\/index.php?rest_route=%2Fwp%2Fv2%2Fmedia&parent=126"}],"curies":[{"name":"wp","href":"https:\/\/api.w.org\/{rel}","templated":true}]}}