{"id":45,"date":"2019-09-21T13:49:33","date_gmt":"2019-09-21T13:49:33","guid":{"rendered":"http:\/\/stiftung-dignitas.de\/?page_id=45"},"modified":"2022-10-12T08:22:48","modified_gmt":"2022-10-12T08:22:48","slug":"anlage-des-stiftungsvermoegens-beteiligungen","status":"publish","type":"page","link":"https:\/\/stiftung-dignitas.de\/?page_id=45","title":{"rendered":"Anlage des Stiftungsverm\u00f6gens \/ Beteiligungen"},"content":{"rendered":"<p>Das Stiftungsverm\u00f6gen wird in der Regel in Aktien und kosteng\u00fcnstigen Exchange-Traded-Funds (ETF) angelegt. Dabei werden vor allem liquide, m\u00f6glichst breit gestreute Aktien- und Rentenfonds ausgew\u00e4hlt. Dar\u00fcber hinaus investiert die Stiftung auch in Aktien direkt und in Grundbesitz.<\/p>\n<p>Die Stiftung Dignitas hat Anteile an folgenden Genossenschaften gezeichnet:<\/p>\n<ul>\n<li><a href=\"http:\/\/www.vb-mittelhessen.de\" target=\"_blank\" rel=\"noopener noreferrer\">Volksbank Mittelhessen e. G.<\/a>,<\/li>\n<li>Energiegenossenschaft <a href=\"https:\/\/sonnenland-eg.de\" target=\"_blank\" rel=\"noopener noreferrer\">Sonnenland e. G.<\/a> in Buseck<\/li>\n<li>Energiegenossenschaft <a href=\"https:\/\/www.courantdair.be\" target=\"_blank\" rel=\"noopener noreferrer\">Courant d\u2019Air Genossenschaft mbH<\/a> in Elsenborn (Belgien)<\/li>\n<li><a href=\"https:\/\/www.energie-vb.com\" target=\"_blank\" rel=\"noopener noreferrer\">Energiegenossenschaft Vogelsberg e. G<\/a>.<\/li>\n<li><a href=\"http:\/\/ldb-energiegenossenschaft.de\" target=\"_blank\" rel=\"noopener noreferrer\">Lahn-Dill-Bergland Energiegenossenschaft e G.<\/a><\/li>\n<\/ul>\n<p>&nbsp;<\/p>\n","protected":false},"excerpt":{"rendered":"<p>Das Stiftungsverm\u00f6gen wird in der Regel in Aktien und kosteng\u00fcnstigen Exchange-Traded-Funds (ETF) angelegt. Dabei werden vor allem liquide, m\u00f6glichst breit gestreute Aktien- und Rentenfonds ausgew\u00e4hlt. Dar\u00fcber hinaus investiert die Stiftung auch in Aktien direkt und in Grundbesitz. Die Stiftung Dignitas hat Anteile an folgenden Genossenschaften gezeichnet: Volksbank Mittelhessen e. G., Energiegenossenschaft Sonnenland e. G. in &hellip; <\/p>\n<p class=\"link-more\"><a href=\"https:\/\/stiftung-dignitas.de\/?page_id=45\" class=\"more-link\"><span class=\"screen-reader-text\">\u201eAnlage des Stiftungsverm\u00f6gens \/ Beteiligungen\u201c <\/span>weiterlesen<\/a><\/p>\n","protected":false},"author":2,"featured_media":0,"parent":0,"menu_order":0,"comment_status":"closed","ping_status":"closed","template":"","meta":{"footnotes":""},"class_list":["post-45","page","type-page","status-publish","hentry"],"_links":{"self":[{"href":"https:\/\/stiftung-dignitas.de\/index.php?rest_route=\/wp\/v2\/pages\/45","targetHints":{"allow":["GET"]}}],"collection":[{"href":"https:\/\/stiftung-dignitas.de\/index.php?rest_route=\/wp\/v2\/pages"}],"about":[{"href":"https:\/\/stiftung-dignitas.de\/index.php?rest_route=\/wp\/v2\/types\/page"}],"author":[{"embeddable":true,"href":"https:\/\/stiftung-dignitas.de\/index.php?rest_route=\/wp\/v2\/users\/2"}],"replies":[{"embeddable":true,"href":"https:\/\/stiftung-dignitas.de\/index.php?rest_route=%2Fwp%2Fv2%2Fcomments&post=45"}],"version-history":[{"count":13,"href":"https:\/\/stiftung-dignitas.de\/index.php?rest_route=\/wp\/v2\/pages\/45\/revisions"}],"predecessor-version":[{"id":112,"href":"https:\/\/stiftung-dignitas.de\/index.php?rest_route=\/wp\/v2\/pages\/45\/revisions\/112"}],"wp:attachment":[{"href":"https:\/\/stiftung-dignitas.de\/index.php?rest_route=%2Fwp%2Fv2%2Fmedia&parent=45"}],"curies":[{"name":"wp","href":"https:\/\/api.w.org\/{rel}","templated":true}]}}