{"id":49,"date":"2019-07-17T08:50:44","date_gmt":"2019-07-17T08:50:44","guid":{"rendered":"http:\/\/stiftung-dignitas.de\/?page_id=49"},"modified":"2025-01-09T07:24:18","modified_gmt":"2025-01-09T07:24:18","slug":"unsere-zuwendungsempfaenger","status":"publish","type":"page","link":"https:\/\/stiftung-dignitas.de\/?page_id=49","title":{"rendered":"Unsere Zuwendungsempf\u00e4nger"},"content":{"rendered":"<p>Neben der Durchf\u00fchrung eigener Projekte unterst\u00fctzt die Stiftung Dignitas eine Reihe an Organisationen und Einrichtungen mit kleineren und gr\u00f6\u00dferen Betr\u00e4gen. In einigen F\u00e4llen werden anlassbezogen auch nur einmalig Zuwendungen gezahlt. Zu den Zuwendungsempf\u00e4ngern geh\u00f6ren u. a. folgende Organisationen und Einrichtungen (Einzelpersonen werden nicht genannt):<\/p>\n<p>&nbsp;<\/p>\n<table style=\"width: 100%; border-collapse: collapse; border-style: solid; height: 1251px;\">\n<tbody>\n<tr style=\"border-style: solid;\">\n<td style=\"width: 50%; background-color: #2a46e8; vertical-align: middle; border-style: solid; text-align: left; height: 61px;\"><span style=\"font-size: 14pt;\"><strong><span style=\"color: #ffffff;\">Name der Organisation \/ Einrichtung<\/span><\/strong><\/span><\/td>\n<td style=\"width: 50%; background-color: #2a46e8; vertical-align: middle; border-style: solid; text-align: left; height: 61px;\"><span style=\"font-size: 14pt;\"><strong><span style=\"color: #ffffff;\">T\u00e4tigkeitsbereich<\/span><\/strong><\/span><\/td>\n<\/tr>\n<tr style=\"border-style: solid;\">\n<td style=\"width: 50%; vertical-align: middle; border-style: solid; text-align: left; height: 53px;\"><a href=\"https:\/\/www.franziskustreff.de\/\" target=\"_blank\" rel=\"noopener noreferrer\">Franziskustreff Frankfurt<\/a><\/td>\n<td style=\"width: 50%; vertical-align: middle; border-style: solid; text-align: left; height: 53px;\">Fr\u00fchst\u00fcck f\u00fcr Obdachlose, Sozialberatung<\/td>\n<\/tr>\n<tr style=\"height: 106px;\">\n<td style=\"width: 50%; vertical-align: middle; border-style: solid; text-align: left; height: 106px;\"><a href=\"https:\/\/www.akhd-giessen.de\/ambulante-kinder-und-jugendhospizarbeit\/unsere-ambulanten-kinder-und-jugendhospizdienste\/giessenmarburg\/startseite\/\" target=\"_blank\" rel=\"noopener noreferrer\">Ambulanter Kinder- und Jugendhospizdienst Gie\u00dfen\/Marburg<\/a><\/td>\n<td style=\"width: 50%; vertical-align: middle; border-style: solid; text-align: left; height: 106px;\">Begleitung und Unterst\u00fctzung lebensverk\u00fcrzt erkrankter Kinder, Jugendlicher und junger Erwachsener und deren Familie.<\/td>\n<\/tr>\n<tr style=\"height: 106px;\">\n<td style=\"width: 50%; vertical-align: middle; border-style: solid; text-align: left; height: 106px;\"><a href=\"http:\/\/www.awo-fernwald.de\" target=\"_blank\" rel=\"noopener\">Arbeiterwohlfahrt Fernwald<\/a><\/td>\n<td style=\"width: 50%; vertical-align: middle; border-style: solid; text-align: left; height: 106px;\">Unterst\u00fctzung bei der Betreuung einsamer Senioren, bed\u00fcrftiger Kinder und Jugendlicher, Hilfe f\u00fcr Kriegsfl\u00fcchtlinge aus der Ukraine<\/td>\n<\/tr>\n<tr style=\"height: 79px;\">\n<td style=\"width: 50%; vertical-align: middle; border-style: solid; text-align: left; height: 79px;\"><a href=\"https:\/\/www.palliativpro.de\/ambulante-palliativ-teams\/ambulantes-kinder-palliativ-team\/\" target=\"_blank\" rel=\"noopener\">Kinderpalliativteam Mittelhessen<\/a><\/td>\n<td style=\"width: 50%; vertical-align: middle; border-style: solid; text-align: left; height: 79px;\">Versorgung von Kindern, Jugendliche n und jungen Erwachsenen mit lebenslimitierenden Erkrankungen.<\/td>\n<\/tr>\n<tr style=\"height: 53px;\">\n<td style=\"width: 50%; vertical-align: middle; border-style: solid; text-align: left; height: 53px;\"><a href=\"https:\/\/www.caritas-frankfurt.de\/ich-suche-hilfe\/wege-finden\/obdach-und-wohnen\/wohnungslos-oder-von-wohnungslosigkeit-bedroht\/medizinische-versorgung\/elisabeth-strassenambulanz\" target=\"_blank\" rel=\"noopener\">Elisabeth-Stra\u00dfenambulanz Frankfurt<\/a><\/td>\n<td style=\"width: 50%; vertical-align: middle; border-style: solid; text-align: left; height: 53px;\">Medizinische Hilfe f\u00fcr auf der Stra\u00dfe lebende Menschen<\/td>\n<\/tr>\n<tr style=\"height: 185px;\">\n<td style=\"width: 50%; vertical-align: middle; border-style: solid; text-align: left; height: 185px;\"><a href=\"https:\/\/www.abtei-kloster-engelthal.de\/download.html?f=aktuelles%2FBericht+CIB+Polen-Ukraine-Litauen.pdf\" target=\"_blank\" rel=\"noopener\">Benediktinerinnen in Polen und in der Ukraine<\/a><\/td>\n<td style=\"width: 50%; vertical-align: middle; border-style: solid; text-align: left; height: 185px;\">Die Schwestern in der Ukraine haben ihre Kl\u00f6ster ge\u00f6ffnet, um Fl\u00fcchtlingen Schutz und Obdach und Schutz zu gew\u00e4hren. Auch polnische Kl\u00f6ster der Benediktinerinnen unterst\u00fctzen und helfen ukrainische Fl\u00fcchtlinge in vielf\u00e4ltiger Weise.<\/td>\n<\/tr>\n<tr style=\"height: 79px;\">\n<td style=\"width: 50%; vertical-align: middle; border-style: solid; text-align: left; height: 79px;\"><a href=\"https:\/\/www.mission-leben.de\/menschen-in-sozialen-notlagen\/giessen-oase\/\" target=\"_blank\" rel=\"noopener\">Oase \u2013 Hilfen f\u00fcr Frauen in sozialen Notlagen<\/a><\/td>\n<td style=\"width: 50%; vertical-align: middle; border-style: solid; text-align: left; height: 79px;\">Hilfe f\u00fcr Frauen in sozialen Notlagen bei Wohnungssuche, Betreuung, und Beraten\u00a0 in Gie\u00dfen<\/td>\n<\/tr>\n<tr style=\"height: 79px;\">\n<td style=\"width: 50%; vertical-align: middle; border-style: solid; text-align: left; height: 79px;\"><a href=\"https:\/\/www.caritas-frankfurt.de\/ich-suche-hilfe\/wege-finden\/obdach-und-wohnen\/wohnungslos-oder-von-wohnungslosigkeit-bedroht\/tagesaufenthalte\/tagesaufenthalt-baerenstrasse\" target=\"_blank\" rel=\"noopener\">Caritas Frankfurt &#8211; Tagesaufenthalt B\u00e4renstra\u00dfe<\/a>: Essenspatenschaft<\/td>\n<td style=\"width: 50%; vertical-align: middle; border-style: solid; text-align: left; height: 79px;\">Fr\u00fchst\u00fcck, Mittagessen, Abendessen f\u00fcr Wohnungslose und benachteiligte Menschen<\/td>\n<\/tr>\n<tr style=\"height: 79px;\">\n<td style=\"width: 50%; vertical-align: middle; border-style: solid; text-align: left; height: 79px;\"><a href=\"https:\/\/www.skf-giessen.de\/spenden-und-engagement\/frauenhaus\" target=\"_blank\" rel=\"noopener\">Frauenhaus Gie\u00dfen<\/a><br \/>\nSozialdienst katholischer Frauen e.V. Gie\u00dfen<\/td>\n<td style=\"width: 50%; vertical-align: middle; border-style: solid; text-align: left; height: 79px;\">Schutz f\u00fcr von Gewalt bedrohten Frauen.<\/td>\n<\/tr>\n<tr style=\"height: 53px;\">\n<td style=\"width: 50%; vertical-align: middle; border-style: solid; text-align: left; height: 53px;\"><a href=\"https:\/\/www.archemed.org\/\" target=\"_blank\" rel=\"noopener\">ARCHEMED \u2013 \u00c4rzte f\u00fcr Kinder in Not e.V.<\/a><\/td>\n<td style=\"width: 50%; vertical-align: middle; border-style: solid; text-align: left; height: 53px;\">Medizinische und humanit\u00e4re Hilfe f\u00fcr Kinder in Krisengebieten -&gt; <a href=\"https:\/\/de.wikipedia.org\/wiki\/Archemed\" target=\"_blank\" rel=\"noopener\">Wikipedia<\/a><\/td>\n<\/tr>\n<tr style=\"height: 318px;\">\n<td style=\"width: 50%; vertical-align: middle; border-style: solid; text-align: left; height: 318px;\">Projekt &#8222;Krank auf der Stra\u00dfe&#8220; der Diakonie Gie\u00dfen im Rahmen der <a href=\"https:\/\/diakonie-giessen.de\/die-bruecke\" target=\"_blank\" rel=\"noopener\">Wohnungslosenhilfe &#8222;Die Br\u00fccke&#8220;<\/a><\/td>\n<td style=\"width: 50%; vertical-align: middle; border-style: solid; text-align: left; height: 318px;\">Unterst\u00fctzung von wohnungslosen Menschen bei gesundheitlichen Dingen, Medizinisch-pflegerische Basisversorgung f\u00fcr Personen, die auf der Stra\u00dfe leben,<br \/>\nf\u00fcr Personen, die Ber\u00fchrungs\u00e4ngste mit \u00c4rzt*innen und Pflegepersonal haben, f\u00fcr Personen, die anonym bleiben wollen, f\u00fcr Personen, die nicht krankenversichert sind.<\/td>\n<\/tr>\n<\/tbody>\n<\/table>\n<p>&nbsp;<\/p>\n","protected":false},"excerpt":{"rendered":"<p>Neben der Durchf\u00fchrung eigener Projekte unterst\u00fctzt die Stiftung Dignitas eine Reihe an Organisationen und Einrichtungen mit kleineren und gr\u00f6\u00dferen Betr\u00e4gen. In einigen F\u00e4llen werden anlassbezogen auch nur einmalig Zuwendungen gezahlt. Zu den Zuwendungsempf\u00e4ngern geh\u00f6ren u. a. folgende Organisationen und Einrichtungen (Einzelpersonen werden nicht genannt): &nbsp; Name der Organisation \/ Einrichtung T\u00e4tigkeitsbereich Franziskustreff Frankfurt Fr\u00fchst\u00fcck f\u00fcr &hellip; <\/p>\n<p class=\"link-more\"><a href=\"https:\/\/stiftung-dignitas.de\/?page_id=49\" class=\"more-link\"><span class=\"screen-reader-text\">\u201eUnsere Zuwendungsempf\u00e4nger\u201c <\/span>weiterlesen<\/a><\/p>\n","protected":false},"author":2,"featured_media":0,"parent":0,"menu_order":0,"comment_status":"closed","ping_status":"closed","template":"","meta":{"footnotes":""},"class_list":["post-49","page","type-page","status-publish","hentry"],"_links":{"self":[{"href":"https:\/\/stiftung-dignitas.de\/index.php?rest_route=\/wp\/v2\/pages\/49","targetHints":{"allow":["GET"]}}],"collection":[{"href":"https:\/\/stiftung-dignitas.de\/index.php?rest_route=\/wp\/v2\/pages"}],"about":[{"href":"https:\/\/stiftung-dignitas.de\/index.php?rest_route=\/wp\/v2\/types\/page"}],"author":[{"embeddable":true,"href":"https:\/\/stiftung-dignitas.de\/index.php?rest_route=\/wp\/v2\/users\/2"}],"replies":[{"embeddable":true,"href":"https:\/\/stiftung-dignitas.de\/index.php?rest_route=%2Fwp%2Fv2%2Fcomments&post=49"}],"version-history":[{"count":22,"href":"https:\/\/stiftung-dignitas.de\/index.php?rest_route=\/wp\/v2\/pages\/49\/revisions"}],"predecessor-version":[{"id":146,"href":"https:\/\/stiftung-dignitas.de\/index.php?rest_route=\/wp\/v2\/pages\/49\/revisions\/146"}],"wp:attachment":[{"href":"https:\/\/stiftung-dignitas.de\/index.php?rest_route=%2Fwp%2Fv2%2Fmedia&parent=49"}],"curies":[{"name":"wp","href":"https:\/\/api.w.org\/{rel}","templated":true}]}}