{"id":85,"date":"2022-05-12T04:40:20","date_gmt":"2022-05-12T04:40:20","guid":{"rendered":"http:\/\/stiftung-dignitas.de\/?page_id=85"},"modified":"2022-06-18T06:44:20","modified_gmt":"2022-06-18T06:44:20","slug":"85-2","status":"publish","type":"page","link":"https:\/\/stiftung-dignitas.de\/","title":{"rendered":""},"content":{"rendered":"<p>Klarstellung des Vorstands der Stiftung Dignitas:<\/p>\n<blockquote><p><em>&#8222;Die Stiftung Dignitas hat <span style=\"text-decoration: underline;\"><strong>keinerlei<\/strong><\/span> Verbindung zum <a href=\"http:\/\/dignitas.de\/\" target=\"_blank\" rel=\"noopener\">Verein Dignitas<\/a>. Dieser Verein hat die Hilfe f\u00fcr Menschen bei Selbstt\u00f6tung zum Gegenstand. Vorstand und Stiftungsbeirat der Stiftung Dignitas bewerten diese T\u00e4tigkeit und die Ziele dieser Organisation nicht. Dies ist nicht die Aufgabe der Stiftung Dignitas. F\u00fcr uns ist die unmittelbare Hilfe f\u00fcr Menschen, deren Menschenw\u00fcrde verletzt oder gef\u00e4hrdet ist, die Richtschnur.<\/em><\/p>\n<p><em>Die Wahl des lateinischen Wortes Dignitas (Menschenw\u00fcrde) erfolgte unabh\u00e4ngig von dem Namen dieses Vereins. Solche wichtigen Bergiffe m\u00fcssen, k\u00f6nnen und d\u00fcrfen nicht alleine einer K\u00f6rperschaft \u00fcberlassen werden.<\/em><\/p>\n<p><em>Fernwald, 18.06.2022<\/em><\/p>\n<p>Der Vorstand und Stiftungsbeirat&#8220;<\/p><\/blockquote>\n","protected":false},"excerpt":{"rendered":"<p>Klarstellung des Vorstands der Stiftung Dignitas: &#8222;Die Stiftung Dignitas hat keinerlei Verbindung zum Verein Dignitas. Dieser Verein hat die Hilfe f\u00fcr Menschen bei Selbstt\u00f6tung zum Gegenstand. Vorstand und Stiftungsbeirat der Stiftung Dignitas bewerten diese T\u00e4tigkeit und die Ziele dieser Organisation nicht. Dies ist nicht die Aufgabe der Stiftung Dignitas. F\u00fcr uns ist die unmittelbare Hilfe &hellip; <\/p>\n<p class=\"link-more\"><a href=\"https:\/\/stiftung-dignitas.de\/\" class=\"more-link\"><span class=\"screen-reader-text\">\u201e\u201c <\/span>weiterlesen<\/a><\/p>\n","protected":false},"author":2,"featured_media":0,"parent":0,"menu_order":0,"comment_status":"closed","ping_status":"closed","template":"","meta":{"footnotes":""},"class_list":["post-85","page","type-page","status-publish","hentry"],"_links":{"self":[{"href":"https:\/\/stiftung-dignitas.de\/index.php?rest_route=\/wp\/v2\/pages\/85","targetHints":{"allow":["GET"]}}],"collection":[{"href":"https:\/\/stiftung-dignitas.de\/index.php?rest_route=\/wp\/v2\/pages"}],"about":[{"href":"https:\/\/stiftung-dignitas.de\/index.php?rest_route=\/wp\/v2\/types\/page"}],"author":[{"embeddable":true,"href":"https:\/\/stiftung-dignitas.de\/index.php?rest_route=\/wp\/v2\/users\/2"}],"replies":[{"embeddable":true,"href":"https:\/\/stiftung-dignitas.de\/index.php?rest_route=%2Fwp%2Fv2%2Fcomments&post=85"}],"version-history":[{"count":9,"href":"https:\/\/stiftung-dignitas.de\/index.php?rest_route=\/wp\/v2\/pages\/85\/revisions"}],"predecessor-version":[{"id":107,"href":"https:\/\/stiftung-dignitas.de\/index.php?rest_route=\/wp\/v2\/pages\/85\/revisions\/107"}],"wp:attachment":[{"href":"https:\/\/stiftung-dignitas.de\/index.php?rest_route=%2Fwp%2Fv2%2Fmedia&parent=85"}],"curies":[{"name":"wp","href":"https:\/\/api.w.org\/{rel}","templated":true}]}}